{"id":2,"date":"2024-03-27T00:17:48","date_gmt":"2024-03-27T00:17:48","guid":{"rendered":"https:\/\/bitacoraderoro.com\/?page_id=2"},"modified":"2024-04-13T20:26:18","modified_gmt":"2024-04-14T00:26:18","slug":"acercaderoro","status":"publish","type":"page","link":"https:\/\/bitacoraderoro.com\/es\/acercaderoro\/","title":{"rendered":"Acerca de Roro"},"content":{"rendered":"<div class=\"wp-block-image is-style-rounded\">\n<figure class=\"alignleft size-large is-resized\"><img fetchpriority=\"high\" decoding=\"async\" width=\"1024\" height=\"768\" src=\"https:\/\/bitacoraderoro.com\/wp-content\/uploads\/2024\/03\/P3100072-copy-1024x768.jpg\" alt=\"\" class=\"wp-image-128\" style=\"width:400px\" srcset=\"https:\/\/bitacoraderoro.com\/wp-content\/uploads\/2024\/03\/P3100072-copy-1024x768.jpg 1024w, https:\/\/bitacoraderoro.com\/wp-content\/uploads\/2024\/03\/P3100072-copy-300x225.jpg 300w, https:\/\/bitacoraderoro.com\/wp-content\/uploads\/2024\/03\/P3100072-copy-768x576.jpg 768w, https:\/\/bitacoraderoro.com\/wp-content\/uploads\/2024\/03\/P3100072-copy-1536x1152.jpg 1536w, https:\/\/bitacoraderoro.com\/wp-content\/uploads\/2024\/03\/P3100072-copy-2048x1536.jpg 2048w, https:\/\/bitacoraderoro.com\/wp-content\/uploads\/2024\/03\/P3100072-copy-16x12.jpg 16w\" sizes=\"(max-width: 1024px) 100vw, 1024px\" \/><\/figure>\n<\/div>\n\n\n<p>Rodolfo E. Romero G. (Roro) naci\u00f3 en Limpio &#8211; Colonia Juan de Zalazar, Dirigente Sindical del sector de Empleados y Obreros del Comercio, fundador y primer Director del Centro Paraguayo de Estudios Sociales (CEPES) en 1964, y que hasta hoy funciona como Instituto de Formaci\u00f3n de la Central Nacional de Trabajadores (CNT). Tambi\u00e9n fue uno de los organizadores y formadores de las Ligas Agrarias Cristianas del Paraguay.<\/p>\n\n\n\n<p>Director del peri\u00f3dico Juventud Obrera de la Juventud Obrera Cristiana (JOC) en la d\u00e9cada del sesenta, redactor de la p\u00e1gina laboral del Semanario Comunidad y colaborador en varias publicaciones, fue apresado y torturado en varias oportunidades por la dictadura de Stroessner; conoci\u00f3 el Campo de Concentraci\u00f3n de Emboscada y fui exiliado por once a\u00f1os.<\/p>\n\n\n\n<p>Como viajero implacable, Roro ha recorrido todo el continente Americano, incluyendo gran parte del Caribe, gran parte de Europa, Asia y \u00c1frica.<\/p>\n\n\n\n<p>Su experience internacional le permiti\u00f3 fundar y ser el primer Director del Instituto Internacional de Capacitaci\u00f3n Social del Sur (INCASUR) con sede en Buenos Aires, Argentina, en 1971. El INCASUR sigue funciona hasta hoy d\u00eda.<\/p>\n\n\n\n<p>Fue Secretario General Adjunto de la Central Latinoamericana de Trabajadores (CLAT), desde 1987 hasta el a\u00f1o 2004 y Director General de la Universidad de los Trabajadores de Am\u00e9rica Latina (UTAL) en la d\u00e9cada de los 90s, ambos con sede en Venezuela; fue tambi\u00e9n Presidente de la Comisi\u00f3n Latinoamericana de Defensa de las Libertades y Derechos de los Trabajadores y los Pueblos (CLADEHLT).<\/p>\n\n\n\n<p>Roro ha publicado varios libros, entre ellos:<\/p>\n\n\n\n<ul class=\"wp-block-list\">\n<li>La Cultura y el Mundo del Trabajo<\/li>\n\n\n\n<li>La Am\u00e9rica Latina y el Paraguay Que Queremos\u00bb, (prologado por Fernando Lugo, entonces Obispo Benem\u00e9rito)<\/li>\n\n\n\n<li>La Formaci\u00f3n de los Trabajadores de Am\u00e9rica Latina<\/li>\n\n\n\n<li>Neoliberalismo &#8211; Cambios, Mundializaci\u00f3n &#8211; Globalizaci\u00f3n &#8211; Transnacionalizaci\u00f3n<\/li>\n<\/ul>\n\n\n\n<p><\/p>\n","protected":false},"excerpt":{"rendered":"<p>Rodolfo E. Romero G. (Roro) naci\u00f3 en Limpio &#8211; Colonia Juan de Zalazar, Dirigente Sindical del sector de Empleados y Obreros del Comercio, fundador y primer Director del Centro Paraguayo de Estudios Sociales (CEPES) en 1964, y que hasta hoy funciona como Instituto de Formaci\u00f3n de la Central Nacional de Trabajadores (CNT). Tambi\u00e9n fue uno [&hellip;]<\/p>\n","protected":false},"author":1,"featured_media":0,"parent":0,"menu_order":0,"comment_status":"closed","ping_status":"open","template":"","meta":{"footnotes":""},"class_list":["post-2","page","type-page","status-publish","hentry"],"jetpack_sharing_enabled":true,"_links":{"self":[{"href":"https:\/\/bitacoraderoro.com\/es\/wp-json\/wp\/v2\/pages\/2","targetHints":{"allow":["GET"]}}],"collection":[{"href":"https:\/\/bitacoraderoro.com\/es\/wp-json\/wp\/v2\/pages"}],"about":[{"href":"https:\/\/bitacoraderoro.com\/es\/wp-json\/wp\/v2\/types\/page"}],"author":[{"embeddable":true,"href":"https:\/\/bitacoraderoro.com\/es\/wp-json\/wp\/v2\/users\/1"}],"replies":[{"embeddable":true,"href":"https:\/\/bitacoraderoro.com\/es\/wp-json\/wp\/v2\/comments?post=2"}],"version-history":[{"count":5,"href":"https:\/\/bitacoraderoro.com\/es\/wp-json\/wp\/v2\/pages\/2\/revisions"}],"predecessor-version":[{"id":221,"href":"https:\/\/bitacoraderoro.com\/es\/wp-json\/wp\/v2\/pages\/2\/revisions\/221"}],"wp:attachment":[{"href":"https:\/\/bitacoraderoro.com\/es\/wp-json\/wp\/v2\/media?parent=2"}],"curies":[{"name":"wp","href":"https:\/\/api.w.org\/{rel}","templated":true}]}}