{"id":22,"date":"2024-03-28T14:53:55","date_gmt":"2024-03-28T18:53:55","guid":{"rendered":"https:\/\/bitacoraderoro.com\/?page_id=22"},"modified":"2024-04-01T22:25:50","modified_gmt":"2024-04-02T02:25:50","slug":"pensamiento-y-accion","status":"publish","type":"page","link":"https:\/\/bitacoraderoro.com\/en\/pensamiento-y-accion\/","title":{"rendered":"Pensamiento y Acci\u00f3n"},"content":{"rendered":"<ul class=\"wp-block-latest-posts__list has-dates has-author alignwide wp-block-latest-posts\"><li><div class=\"wp-block-latest-posts__featured-image alignleft\"><a href=\"https:\/\/bitacoraderoro.com\/en\/28-de-abril-dia-de-la-familia\/\" aria-label=\"28 de Abril: D\u00eda de la Familia\"><img fetchpriority=\"high\" decoding=\"async\" width=\"640\" height=\"366\" src=\"https:\/\/bitacoraderoro.com\/wp-content\/uploads\/2024\/04\/Firefly-families-with-kids-celebrating-in-the-park-with-sparklers-dancing-around-a-firepit-concept-1024x585.jpg\" class=\"attachment-large size-large wp-post-image\" alt=\"\" style=\"max-width:400px;max-height:512px;\" srcset=\"https:\/\/bitacoraderoro.com\/wp-content\/uploads\/2024\/04\/Firefly-families-with-kids-celebrating-in-the-park-with-sparklers-dancing-around-a-firepit-concept-1024x585.jpg 1024w, https:\/\/bitacoraderoro.com\/wp-content\/uploads\/2024\/04\/Firefly-families-with-kids-celebrating-in-the-park-with-sparklers-dancing-around-a-firepit-concept-300x171.jpg 300w, https:\/\/bitacoraderoro.com\/wp-content\/uploads\/2024\/04\/Firefly-families-with-kids-celebrating-in-the-park-with-sparklers-dancing-around-a-firepit-concept-768x439.jpg 768w, https:\/\/bitacoraderoro.com\/wp-content\/uploads\/2024\/04\/Firefly-families-with-kids-celebrating-in-the-park-with-sparklers-dancing-around-a-firepit-concept-1536x878.jpg 1536w, https:\/\/bitacoraderoro.com\/wp-content\/uploads\/2024\/04\/Firefly-families-with-kids-celebrating-in-the-park-with-sparklers-dancing-around-a-firepit-concept-2048x1170.jpg 2048w, https:\/\/bitacoraderoro.com\/wp-content\/uploads\/2024\/04\/Firefly-families-with-kids-celebrating-in-the-park-with-sparklers-dancing-around-a-firepit-concept-18x10.jpg 18w\" sizes=\"(max-width: 640px) 100vw, 640px\" \/><\/a><\/div><a class=\"wp-block-latest-posts__post-title\" href=\"https:\/\/bitacoraderoro.com\/en\/28-de-abril-dia-de-la-familia\/\">28 de Abril: D\u00eda de la Familia<\/a><div class=\"wp-block-latest-posts__post-author\">by Roro<\/div><time datetime=\"2024-04-26T23:29:10-04:00\" class=\"wp-block-latest-posts__post-date\">April 26, 2024<\/time><div class=\"wp-block-latest-posts__post-excerpt\">La familia es parte vital de nuestras vidas, de nuestra evoluci\u00f3n y de nuestro destino humano. En el Humanismo Integral, cuya esencia es el pensamiento cristiano, la familia es el\u2026 <a class=\"wp-block-latest-posts__read-more\" href=\"https:\/\/bitacoraderoro.com\/en\/28-de-abril-dia-de-la-familia\/\" rel=\"noopener noreferrer\">Read more<span class=\"screen-reader-text\">: 28 de Abril: D\u00eda de la Familia<\/span><\/a><\/div><\/li>\n<li><div class=\"wp-block-latest-posts__featured-image alignleft\"><a href=\"https:\/\/bitacoraderoro.com\/en\/la-dualidad-del-silencio-por-un-lado-premia-y-por-el-otro-puede-castigar\/\" aria-label=\"La Dualidad del Silencio: Por un Lado Premia y por el Otro, Puede Castigar\"><img decoding=\"async\" width=\"640\" height=\"366\" src=\"https:\/\/bitacoraderoro.com\/wp-content\/uploads\/2024\/03\/Firefly-silence-in-the-wind-woman-with-scarf-on-her-head-girl-standing-by-a-tree-92121-1024x585.jpg\" class=\"attachment-large size-large wp-post-image\" alt=\"\" style=\"max-width:400px;max-height:512px;\" srcset=\"https:\/\/bitacoraderoro.com\/wp-content\/uploads\/2024\/03\/Firefly-silence-in-the-wind-woman-with-scarf-on-her-head-girl-standing-by-a-tree-92121-1024x585.jpg 1024w, https:\/\/bitacoraderoro.com\/wp-content\/uploads\/2024\/03\/Firefly-silence-in-the-wind-woman-with-scarf-on-her-head-girl-standing-by-a-tree-92121-300x171.jpg 300w, https:\/\/bitacoraderoro.com\/wp-content\/uploads\/2024\/03\/Firefly-silence-in-the-wind-woman-with-scarf-on-her-head-girl-standing-by-a-tree-92121-768x439.jpg 768w, https:\/\/bitacoraderoro.com\/wp-content\/uploads\/2024\/03\/Firefly-silence-in-the-wind-woman-with-scarf-on-her-head-girl-standing-by-a-tree-92121-1536x878.jpg 1536w, https:\/\/bitacoraderoro.com\/wp-content\/uploads\/2024\/03\/Firefly-silence-in-the-wind-woman-with-scarf-on-her-head-girl-standing-by-a-tree-92121-2048x1170.jpg 2048w, https:\/\/bitacoraderoro.com\/wp-content\/uploads\/2024\/03\/Firefly-silence-in-the-wind-woman-with-scarf-on-her-head-girl-standing-by-a-tree-92121-18x10.jpg 18w\" sizes=\"(max-width: 640px) 100vw, 640px\" \/><\/a><\/div><a class=\"wp-block-latest-posts__post-title\" href=\"https:\/\/bitacoraderoro.com\/en\/la-dualidad-del-silencio-por-un-lado-premia-y-por-el-otro-puede-castigar\/\">La Dualidad del Silencio: Por un Lado Premia y por el Otro, Puede Castigar<\/a><div class=\"wp-block-latest-posts__post-author\">by Roro<\/div><time datetime=\"2024-03-07T18:27:32-03:00\" class=\"wp-block-latest-posts__post-date\">March 7, 2024<\/time><div class=\"wp-block-latest-posts__post-excerpt\">En la pol\u00edtica como en la econom\u00eda-finanzas y en casi todos los \u00f3rdenes de la vida, el silencio tiene un valor muy significativo y un uso muy explosivo. Hoy lo\u2026 <a class=\"wp-block-latest-posts__read-more\" href=\"https:\/\/bitacoraderoro.com\/en\/la-dualidad-del-silencio-por-un-lado-premia-y-por-el-otro-puede-castigar\/\" rel=\"noopener noreferrer\">Read more<span class=\"screen-reader-text\">: La Dualidad del Silencio: Por un Lado Premia y por el Otro, Puede Castigar<\/span><\/a><\/div><\/li>\n<li><div class=\"wp-block-latest-posts__featured-image alignleft\"><a href=\"https:\/\/bitacoraderoro.com\/en\/20-anos-no-es-nada\/\" aria-label=\"20 A\u00f1os No Es Nada\"><img decoding=\"async\" width=\"640\" height=\"366\" src=\"https:\/\/bitacoraderoro.com\/wp-content\/uploads\/2024\/03\/Firefly-people-celebrating-in-front-of-a-building-with-equitable-representation-of-mixed-races-25219-1024x585.jpg\" class=\"attachment-large size-large wp-post-image\" alt=\"\" style=\"max-width:400px;max-height:512px;\" srcset=\"https:\/\/bitacoraderoro.com\/wp-content\/uploads\/2024\/03\/Firefly-people-celebrating-in-front-of-a-building-with-equitable-representation-of-mixed-races-25219-1024x585.jpg 1024w, https:\/\/bitacoraderoro.com\/wp-content\/uploads\/2024\/03\/Firefly-people-celebrating-in-front-of-a-building-with-equitable-representation-of-mixed-races-25219-300x171.jpg 300w, https:\/\/bitacoraderoro.com\/wp-content\/uploads\/2024\/03\/Firefly-people-celebrating-in-front-of-a-building-with-equitable-representation-of-mixed-races-25219-768x439.jpg 768w, https:\/\/bitacoraderoro.com\/wp-content\/uploads\/2024\/03\/Firefly-people-celebrating-in-front-of-a-building-with-equitable-representation-of-mixed-races-25219-1536x878.jpg 1536w, https:\/\/bitacoraderoro.com\/wp-content\/uploads\/2024\/03\/Firefly-people-celebrating-in-front-of-a-building-with-equitable-representation-of-mixed-races-25219-2048x1170.jpg 2048w, https:\/\/bitacoraderoro.com\/wp-content\/uploads\/2024\/03\/Firefly-people-celebrating-in-front-of-a-building-with-equitable-representation-of-mixed-races-25219-18x10.jpg 18w\" sizes=\"(max-width: 640px) 100vw, 640px\" \/><\/a><\/div><a class=\"wp-block-latest-posts__post-title\" href=\"https:\/\/bitacoraderoro.com\/en\/20-anos-no-es-nada\/\">20 A\u00f1os No Es Nada<\/a><div class=\"wp-block-latest-posts__post-author\">by Roro<\/div><time datetime=\"2009-02-05T14:01:06-03:00\" class=\"wp-block-latest-posts__post-date\">February 5, 2009<\/time><div class=\"wp-block-latest-posts__post-excerpt\">Se cumplen 20 a\u00f1os de la ca\u00edda de la dictadura, pero como dice el tango, 20 a\u00f1os no es nada. El pueblo sufri\u00f3 casi 35 a\u00f1os de desmanes, de violaci\u00f3n\u2026 <a class=\"wp-block-latest-posts__read-more\" href=\"https:\/\/bitacoraderoro.com\/en\/20-anos-no-es-nada\/\" rel=\"noopener noreferrer\">Read more<span class=\"screen-reader-text\">: 20 A\u00f1os No Es Nada<\/span><\/a><\/div><\/li>\n<li><div class=\"wp-block-latest-posts__featured-image alignleft\"><a href=\"https:\/\/bitacoraderoro.com\/en\/la-asfixia-del-neoliberalismo-y-la-muerte-de-la-american-way-of-life\/\" aria-label=\"La Asfixia del Neoliberalismo y la Muerte de la \u00abAmerican way of Life\u00bb\"><img loading=\"lazy\" decoding=\"async\" width=\"640\" height=\"366\" src=\"https:\/\/bitacoraderoro.com\/wp-content\/uploads\/2024\/03\/Firefly-american-way-of-life-distopia-72732-1024x585.jpg\" class=\"attachment-large size-large wp-post-image\" alt=\"\" style=\"max-width:400px;max-height:512px;\" srcset=\"https:\/\/bitacoraderoro.com\/wp-content\/uploads\/2024\/03\/Firefly-american-way-of-life-distopia-72732-1024x585.jpg 1024w, https:\/\/bitacoraderoro.com\/wp-content\/uploads\/2024\/03\/Firefly-american-way-of-life-distopia-72732-300x171.jpg 300w, https:\/\/bitacoraderoro.com\/wp-content\/uploads\/2024\/03\/Firefly-american-way-of-life-distopia-72732-768x439.jpg 768w, https:\/\/bitacoraderoro.com\/wp-content\/uploads\/2024\/03\/Firefly-american-way-of-life-distopia-72732-1536x878.jpg 1536w, https:\/\/bitacoraderoro.com\/wp-content\/uploads\/2024\/03\/Firefly-american-way-of-life-distopia-72732-2048x1170.jpg 2048w, https:\/\/bitacoraderoro.com\/wp-content\/uploads\/2024\/03\/Firefly-american-way-of-life-distopia-72732-18x10.jpg 18w\" sizes=\"(max-width: 640px) 100vw, 640px\" \/><\/a><\/div><a class=\"wp-block-latest-posts__post-title\" href=\"https:\/\/bitacoraderoro.com\/en\/la-asfixia-del-neoliberalismo-y-la-muerte-de-la-american-way-of-life\/\">La Asfixia del Neoliberalismo y la Muerte de la \u00abAmerican way of Life\u00bb<\/a><div class=\"wp-block-latest-posts__post-author\">by Roro<\/div><time datetime=\"2008-11-23T10:08:14-03:00\" class=\"wp-block-latest-posts__post-date\">November 23, 2008<\/time><div class=\"wp-block-latest-posts__post-excerpt\">Siempre hemos insistido en que vivimos una etapa hist\u00f3rica de crisis generalizada y recurrente, esta recurrencia es su enfermedad Terminal. Colapsan los modelos hijos del siglo XIX y XX. La\u2026 <a class=\"wp-block-latest-posts__read-more\" href=\"https:\/\/bitacoraderoro.com\/en\/la-asfixia-del-neoliberalismo-y-la-muerte-de-la-american-way-of-life\/\" rel=\"noopener noreferrer\">Read more<span class=\"screen-reader-text\">: La Asfixia del Neoliberalismo y la Muerte de la \u00abAmerican way of Life\u00bb<\/span><\/a><\/div><\/li>\n<li><div class=\"wp-block-latest-posts__featured-image alignleft\"><a href=\"https:\/\/bitacoraderoro.com\/en\/nuestro-norte-es-el-sur\/\" aria-label=\"Nuestro Norte es el Sur\"><img loading=\"lazy\" decoding=\"async\" width=\"640\" height=\"366\" src=\"https:\/\/bitacoraderoro.com\/wp-content\/uploads\/2024\/03\/Firefly-a-map-of-the-world-upside-down-with-south-america-showing-up-92121-1024x585.jpg\" class=\"attachment-large size-large wp-post-image\" alt=\"\" style=\"max-width:400px;max-height:512px;\" srcset=\"https:\/\/bitacoraderoro.com\/wp-content\/uploads\/2024\/03\/Firefly-a-map-of-the-world-upside-down-with-south-america-showing-up-92121-1024x585.jpg 1024w, https:\/\/bitacoraderoro.com\/wp-content\/uploads\/2024\/03\/Firefly-a-map-of-the-world-upside-down-with-south-america-showing-up-92121-300x171.jpg 300w, https:\/\/bitacoraderoro.com\/wp-content\/uploads\/2024\/03\/Firefly-a-map-of-the-world-upside-down-with-south-america-showing-up-92121-768x439.jpg 768w, https:\/\/bitacoraderoro.com\/wp-content\/uploads\/2024\/03\/Firefly-a-map-of-the-world-upside-down-with-south-america-showing-up-92121-1536x878.jpg 1536w, https:\/\/bitacoraderoro.com\/wp-content\/uploads\/2024\/03\/Firefly-a-map-of-the-world-upside-down-with-south-america-showing-up-92121-2048x1170.jpg 2048w, https:\/\/bitacoraderoro.com\/wp-content\/uploads\/2024\/03\/Firefly-a-map-of-the-world-upside-down-with-south-america-showing-up-92121-18x10.jpg 18w\" sizes=\"(max-width: 640px) 100vw, 640px\" \/><\/a><\/div><a class=\"wp-block-latest-posts__post-title\" href=\"https:\/\/bitacoraderoro.com\/en\/nuestro-norte-es-el-sur\/\">Nuestro Norte es el Sur<\/a><div class=\"wp-block-latest-posts__post-author\">by Roro<\/div><time datetime=\"2008-02-02T14:34:19-03:00\" class=\"wp-block-latest-posts__post-date\">February 2, 2008<\/time><div class=\"wp-block-latest-posts__post-excerpt\">La crisis financiera de los pa\u00edses ricos es en verdad una crisis global del modelo de crecimiento econ\u00f3mico y financiero del proyecto del norte. La pr\u00e9dica neoliberal y la imposici\u00f3n\u2026 <a class=\"wp-block-latest-posts__read-more\" href=\"https:\/\/bitacoraderoro.com\/en\/nuestro-norte-es-el-sur\/\" rel=\"noopener noreferrer\">Read more<span class=\"screen-reader-text\">: Nuestro Norte es el Sur<\/span><\/a><\/div><\/li>\n<\/ul>","protected":false},"excerpt":{"rendered":"","protected":false},"author":2,"featured_media":0,"parent":0,"menu_order":0,"comment_status":"closed","ping_status":"closed","template":"","meta":{"footnotes":""},"class_list":["post-22","page","type-page","status-publish","hentry"],"jetpack_sharing_enabled":true,"_links":{"self":[{"href":"https:\/\/bitacoraderoro.com\/en\/wp-json\/wp\/v2\/pages\/22","targetHints":{"allow":["GET"]}}],"collection":[{"href":"https:\/\/bitacoraderoro.com\/en\/wp-json\/wp\/v2\/pages"}],"about":[{"href":"https:\/\/bitacoraderoro.com\/en\/wp-json\/wp\/v2\/types\/page"}],"author":[{"embeddable":true,"href":"https:\/\/bitacoraderoro.com\/en\/wp-json\/wp\/v2\/users\/2"}],"replies":[{"embeddable":true,"href":"https:\/\/bitacoraderoro.com\/en\/wp-json\/wp\/v2\/comments?post=22"}],"version-history":[{"count":5,"href":"https:\/\/bitacoraderoro.com\/en\/wp-json\/wp\/v2\/pages\/22\/revisions"}],"predecessor-version":[{"id":160,"href":"https:\/\/bitacoraderoro.com\/en\/wp-json\/wp\/v2\/pages\/22\/revisions\/160"}],"wp:attachment":[{"href":"https:\/\/bitacoraderoro.com\/en\/wp-json\/wp\/v2\/media?parent=22"}],"curies":[{"name":"wp","href":"https:\/\/api.w.org\/{rel}","templated":true}]}}