{"id":19,"date":"2024-03-28T14:37:18","date_gmt":"2024-03-28T18:37:18","guid":{"rendered":"https:\/\/bitacoraderoro.com\/?page_id=19"},"modified":"2024-04-01T22:25:14","modified_gmt":"2024-04-02T02:25:14","slug":"literaria","status":"publish","type":"page","link":"https:\/\/bitacoraderoro.com\/en\/literaria\/","title":{"rendered":"Literaria"},"content":{"rendered":"<ul class=\"wp-block-latest-posts__list has-dates has-author alignwide wp-block-latest-posts\"><li><div class=\"wp-block-latest-posts__featured-image alignleft\"><img fetchpriority=\"high\" decoding=\"async\" width=\"640\" height=\"366\" src=\"https:\/\/bitacoraderoro.com\/wp-content\/uploads\/2024\/03\/Firefly-a-path-with-flowers-along-the-way-in-spring-garden-when-sunset-and-a-person-walking-on-it-72-1024x585.jpg\" class=\"attachment-large size-large wp-post-image\" alt=\"\" style=\"max-width:400px;max-height:512px;\" srcset=\"https:\/\/bitacoraderoro.com\/wp-content\/uploads\/2024\/03\/Firefly-a-path-with-flowers-along-the-way-in-spring-garden-when-sunset-and-a-person-walking-on-it-72-1024x585.jpg 1024w, https:\/\/bitacoraderoro.com\/wp-content\/uploads\/2024\/03\/Firefly-a-path-with-flowers-along-the-way-in-spring-garden-when-sunset-and-a-person-walking-on-it-72-300x171.jpg 300w, https:\/\/bitacoraderoro.com\/wp-content\/uploads\/2024\/03\/Firefly-a-path-with-flowers-along-the-way-in-spring-garden-when-sunset-and-a-person-walking-on-it-72-768x439.jpg 768w, https:\/\/bitacoraderoro.com\/wp-content\/uploads\/2024\/03\/Firefly-a-path-with-flowers-along-the-way-in-spring-garden-when-sunset-and-a-person-walking-on-it-72-1536x878.jpg 1536w, https:\/\/bitacoraderoro.com\/wp-content\/uploads\/2024\/03\/Firefly-a-path-with-flowers-along-the-way-in-spring-garden-when-sunset-and-a-person-walking-on-it-72-2048x1170.jpg 2048w, https:\/\/bitacoraderoro.com\/wp-content\/uploads\/2024\/03\/Firefly-a-path-with-flowers-along-the-way-in-spring-garden-when-sunset-and-a-person-walking-on-it-72-18x10.jpg 18w\" sizes=\"(max-width: 640px) 100vw, 640px\" \/><\/div><a class=\"wp-block-latest-posts__post-title\" href=\"https:\/\/bitacoraderoro.com\/en\/brevedad\/\">Brevedad<\/a><div class=\"wp-block-latest-posts__post-author\">by Roro<\/div><time datetime=\"2009-02-04T14:59:31-03:00\" class=\"wp-block-latest-posts__post-date\">February 4, 2009<\/time><div class=\"wp-block-latest-posts__post-excerpt\">Los versos cortos son como sinfon\u00edas de la vida que endulzan nuestro destino humano y tambi\u00e9n flores del camino con los que se pueden armar los manojos para perfumar cada\u2026 <a class=\"wp-block-latest-posts__read-more\" href=\"https:\/\/bitacoraderoro.com\/en\/brevedad\/\" rel=\"noopener noreferrer\">Read more<span class=\"screen-reader-text\">: Brevedad<\/span><\/a><\/div><\/li>\n<li><div class=\"wp-block-latest-posts__featured-image alignleft\"><img decoding=\"async\" width=\"640\" height=\"366\" src=\"https:\/\/bitacoraderoro.com\/wp-content\/uploads\/2024\/03\/Firefly-a-man-walking-always-moving-forward-73135-1024x585.jpg\" class=\"attachment-large size-large wp-post-image\" alt=\"\" style=\"max-width:400px;max-height:512px;\" srcset=\"https:\/\/bitacoraderoro.com\/wp-content\/uploads\/2024\/03\/Firefly-a-man-walking-always-moving-forward-73135-1024x585.jpg 1024w, https:\/\/bitacoraderoro.com\/wp-content\/uploads\/2024\/03\/Firefly-a-man-walking-always-moving-forward-73135-300x171.jpg 300w, https:\/\/bitacoraderoro.com\/wp-content\/uploads\/2024\/03\/Firefly-a-man-walking-always-moving-forward-73135-768x439.jpg 768w, https:\/\/bitacoraderoro.com\/wp-content\/uploads\/2024\/03\/Firefly-a-man-walking-always-moving-forward-73135-1536x878.jpg 1536w, https:\/\/bitacoraderoro.com\/wp-content\/uploads\/2024\/03\/Firefly-a-man-walking-always-moving-forward-73135-2048x1170.jpg 2048w, https:\/\/bitacoraderoro.com\/wp-content\/uploads\/2024\/03\/Firefly-a-man-walking-always-moving-forward-73135-18x10.jpg 18w\" sizes=\"(max-width: 640px) 100vw, 640px\" \/><\/div><a class=\"wp-block-latest-posts__post-title\" href=\"https:\/\/bitacoraderoro.com\/en\/avanzar-siempre\/\">Avanzar Siempre<\/a><div class=\"wp-block-latest-posts__post-author\">by Roro<\/div><time datetime=\"2007-12-31T12:17:53-03:00\" class=\"wp-block-latest-posts__post-date\">December 31, 2007<\/time><div class=\"wp-block-latest-posts__post-excerpt\">La consigna de la vida es vivir la existencia propia como si fuera una liturgia del espacio-tiempo y un mandato de la especie. Existe un misterio que a\u00fan no podemos\u2026 <a class=\"wp-block-latest-posts__read-more\" href=\"https:\/\/bitacoraderoro.com\/en\/avanzar-siempre\/\" rel=\"noopener noreferrer\">Read more<span class=\"screen-reader-text\">: Avanzar Siempre<\/span><\/a><\/div><\/li>\n<li><div class=\"wp-block-latest-posts__featured-image alignleft\"><img decoding=\"async\" width=\"640\" height=\"366\" src=\"https:\/\/bitacoraderoro.com\/wp-content\/uploads\/2007\/12\/Firefly-people-dancing-around-a-fire-in-the-forest-burning-branches-holidays-celebrating-degusta-1-1024x585.jpg\" class=\"attachment-large size-large wp-post-image\" alt=\"\" style=\"max-width:400px;max-height:512px;\" srcset=\"https:\/\/bitacoraderoro.com\/wp-content\/uploads\/2007\/12\/Firefly-people-dancing-around-a-fire-in-the-forest-burning-branches-holidays-celebrating-degusta-1-1024x585.jpg 1024w, https:\/\/bitacoraderoro.com\/wp-content\/uploads\/2007\/12\/Firefly-people-dancing-around-a-fire-in-the-forest-burning-branches-holidays-celebrating-degusta-1-300x171.jpg 300w, https:\/\/bitacoraderoro.com\/wp-content\/uploads\/2007\/12\/Firefly-people-dancing-around-a-fire-in-the-forest-burning-branches-holidays-celebrating-degusta-1-768x439.jpg 768w, https:\/\/bitacoraderoro.com\/wp-content\/uploads\/2007\/12\/Firefly-people-dancing-around-a-fire-in-the-forest-burning-branches-holidays-celebrating-degusta-1-1536x878.jpg 1536w, https:\/\/bitacoraderoro.com\/wp-content\/uploads\/2007\/12\/Firefly-people-dancing-around-a-fire-in-the-forest-burning-branches-holidays-celebrating-degusta-1-2048x1170.jpg 2048w, https:\/\/bitacoraderoro.com\/wp-content\/uploads\/2007\/12\/Firefly-people-dancing-around-a-fire-in-the-forest-burning-branches-holidays-celebrating-degusta-1-18x10.jpg 18w\" sizes=\"(max-width: 640px) 100vw, 640px\" \/><\/div><a class=\"wp-block-latest-posts__post-title\" href=\"https:\/\/bitacoraderoro.com\/en\/arden-los-lenos\/\">Arden Los Le\u00f1os<\/a><div class=\"wp-block-latest-posts__post-author\">by Roro<\/div><time datetime=\"2007-12-25T18:55:08-03:00\" class=\"wp-block-latest-posts__post-date\">December 25, 2007<\/time><div class=\"wp-block-latest-posts__post-excerpt\">En la incipiente obscuridaden el rel\u00e1mpago de la nocheen la turbia mazmorraarden los le\u00f1os del usurpadorEn el amanecer angustiosoen la ma\u00f1ana soleadaen la can\u00edcula del mediod\u00edaarden los le\u00f1os del torturadorEn\u2026 <a class=\"wp-block-latest-posts__read-more\" href=\"https:\/\/bitacoraderoro.com\/en\/arden-los-lenos\/\" rel=\"noopener noreferrer\">Read more<span class=\"screen-reader-text\">: Arden Los Le\u00f1os<\/span><\/a><\/div><\/li>\n<li><div class=\"wp-block-latest-posts__featured-image alignleft\"><img loading=\"lazy\" decoding=\"async\" width=\"640\" height=\"366\" src=\"https:\/\/bitacoraderoro.com\/wp-content\/uploads\/2024\/03\/Firefly-space-and-time-3311-1-1024x585.jpg\" class=\"attachment-large size-large wp-post-image\" alt=\"\" style=\"max-width:400px;max-height:512px;\" srcset=\"https:\/\/bitacoraderoro.com\/wp-content\/uploads\/2024\/03\/Firefly-space-and-time-3311-1-1024x585.jpg 1024w, https:\/\/bitacoraderoro.com\/wp-content\/uploads\/2024\/03\/Firefly-space-and-time-3311-1-300x171.jpg 300w, https:\/\/bitacoraderoro.com\/wp-content\/uploads\/2024\/03\/Firefly-space-and-time-3311-1-768x439.jpg 768w, https:\/\/bitacoraderoro.com\/wp-content\/uploads\/2024\/03\/Firefly-space-and-time-3311-1-1536x878.jpg 1536w, https:\/\/bitacoraderoro.com\/wp-content\/uploads\/2024\/03\/Firefly-space-and-time-3311-1-2048x1170.jpg 2048w, https:\/\/bitacoraderoro.com\/wp-content\/uploads\/2024\/03\/Firefly-space-and-time-3311-1-18x10.jpg 18w\" sizes=\"(max-width: 640px) 100vw, 640px\" \/><\/div><a class=\"wp-block-latest-posts__post-title\" href=\"https:\/\/bitacoraderoro.com\/en\/espacio-tiempo\/\">Espacio &#8211; Tiempo<\/a><div class=\"wp-block-latest-posts__post-author\">by Roro<\/div><time datetime=\"2007-01-05T10:58:16-03:00\" class=\"wp-block-latest-posts__post-date\">January 5, 2007<\/time><div class=\"wp-block-latest-posts__post-excerpt\">El espacio es lo m\u00e1s lejano se incrusta en el horizonte el tiempo es lo m\u00e1s cercano forma parte del destino humano Cada part\u00edcula del espacio \u2013 tiempo vibra a\u2026 <a class=\"wp-block-latest-posts__read-more\" href=\"https:\/\/bitacoraderoro.com\/en\/espacio-tiempo\/\" rel=\"noopener noreferrer\">Read more<span class=\"screen-reader-text\">: Espacio &#8211; Tiempo<\/span><\/a><\/div><\/li>\n<\/ul>","protected":false},"excerpt":{"rendered":"","protected":false},"author":2,"featured_media":0,"parent":0,"menu_order":0,"comment_status":"closed","ping_status":"closed","template":"","meta":{"footnotes":""},"class_list":["post-19","page","type-page","status-publish","hentry"],"jetpack_sharing_enabled":true,"_links":{"self":[{"href":"https:\/\/bitacoraderoro.com\/en\/wp-json\/wp\/v2\/pages\/19","targetHints":{"allow":["GET"]}}],"collection":[{"href":"https:\/\/bitacoraderoro.com\/en\/wp-json\/wp\/v2\/pages"}],"about":[{"href":"https:\/\/bitacoraderoro.com\/en\/wp-json\/wp\/v2\/types\/page"}],"author":[{"embeddable":true,"href":"https:\/\/bitacoraderoro.com\/en\/wp-json\/wp\/v2\/users\/2"}],"replies":[{"embeddable":true,"href":"https:\/\/bitacoraderoro.com\/en\/wp-json\/wp\/v2\/comments?post=19"}],"version-history":[{"count":5,"href":"https:\/\/bitacoraderoro.com\/en\/wp-json\/wp\/v2\/pages\/19\/revisions"}],"predecessor-version":[{"id":159,"href":"https:\/\/bitacoraderoro.com\/en\/wp-json\/wp\/v2\/pages\/19\/revisions\/159"}],"wp:attachment":[{"href":"https:\/\/bitacoraderoro.com\/en\/wp-json\/wp\/v2\/media?parent=19"}],"curies":[{"name":"wp","href":"https:\/\/api.w.org\/{rel}","templated":true}]}}